{"id":8806,"date":"2022-11-07T01:21:52","date_gmt":"2022-11-07T01:21:52","guid":{"rendered":"https:\/\/iasitu.ro\/cookie-policy-eu\/"},"modified":"2023-03-05T09:18:44","modified_gmt":"2023-03-05T09:18:44","slug":"cookie-policy","status":"publish","type":"page","link":"https:\/\/iasitu.ro\/ro\/cookie-policy\/","title":{"rendered":"Politica privind cookie-urile"},"content":{"rendered":"<div data-elementor-type=\"wp-page\" data-elementor-id=\"8806\" class=\"elementor elementor-8806\">\n\t\t\t\t\t\t<section class=\"elementor-section elementor-top-section elementor-element elementor-element-1653b5e elementor-section-boxed elementor-section-height-default elementor-section-height-default\" data-id=\"1653b5e\" data-element_type=\"section\">\n\t\t\t\t\t\t<div class=\"elementor-container elementor-column-gap-default\">\n\t\t\t\t\t<div class=\"elementor-column elementor-col-100 elementor-top-column elementor-element elementor-element-d995013\" data-id=\"d995013\" data-element_type=\"column\">\n\t\t\t<div class=\"elementor-widget-wrap elementor-element-populated\">\n\t\t\t\t\t\t\t<\/div>\n\t\t<\/div>\n\t\t\t\t\t<\/div>\n\t\t<\/section>\n\t\t\t\t<section class=\"elementor-section elementor-top-section elementor-element elementor-element-1eae267 elementor-section-boxed elementor-section-height-default elementor-section-height-default\" data-id=\"1eae267\" data-element_type=\"section\">\n\t\t\t\t\t\t<div class=\"elementor-container elementor-column-gap-default\">\n\t\t\t\t\t<div class=\"elementor-column elementor-col-100 elementor-top-column elementor-element elementor-element-9cf4d42\" data-id=\"9cf4d42\" data-element_type=\"column\">\n\t\t\t<div class=\"elementor-widget-wrap elementor-element-populated\">\n\t\t\t\t\t\t<div class=\"elementor-element elementor-element-058e72f elementor-widget elementor-widget-text-editor\" data-id=\"058e72f\" data-element_type=\"widget\" data-widget_type=\"text-editor.default\">\n\t\t\t\t<div class=\"elementor-widget-container\">\n\t\t\t\t\t\t\t\t\t<p>Data intr\u0103rii \u00een vigoare: 04-ian-2023 <br \/>Ultima actualizare: 04-ian-2023<\/p><p><strong>Ce sunt cookie-urile?<\/strong><\/p><p>Aceast\u0103 Politic\u0103 privind cookie-urile explic\u0103 ce sunt cookie-urile \u0219i cum le folosim, tipurile de cookie-uri pe care le folosim, adic\u0103 informa\u021biile pe care le colect\u0103m folosind cookie-uri \u0219i cum sunt utilizate acele informa\u021bii \u0219i cum s\u0103 gestion\u0103m set\u0103rile cookie-urilor.<\/p><p>Cookie-urile sunt fi\u0219iere text mici care sunt folosite pentru a stoca mici informa\u021bii. Acestea sunt stocate pe dispozitivul dvs. atunci c\u00e2nd site-ul web este \u00eenc\u0103rcat \u00een browser. Aceste cookie-uri ne ajut\u0103 s\u0103 facem site-ul web s\u0103 func\u021bioneze corect, s\u0103 \u00eel facem mai sigur, s\u0103 oferim o experien\u021b\u0103 mai bun\u0103 pentru utilizator \u0219i s\u0103 \u00een\u021belegem cum func\u021bioneaz\u0103 site-ul web \u0219i s\u0103 analiz\u0103m ce func\u021bioneaz\u0103 \u0219i unde trebuie \u00eembun\u0103t\u0103\u021bit.<\/p><p><strong>Cum folosim cookie-urile?<\/strong><\/p><p>Ca majoritatea serviciilor online, site-ul nostru web folose\u0219te cookie-uri de la prima parte \u0219i de la ter\u021bi \u00een mai multe scopuri. Cookie-urile de la prima parte sunt \u00een cea mai mare parte necesare pentru ca site-ul web s\u0103 func\u021bioneze corect \u0219i nu colecteaz\u0103 niciuna dintre datele dumneavoastr\u0103 de identificare personal\u0103.<\/p><p>Cookie-urile ter\u021b\u0103 parte utilizate pe site-ul nostru sunt \u00een principal pentru a \u00een\u021belege modul \u00een care func\u021bioneaz\u0103 site-ul web, cum interac\u021biona\u021bi cu site-ul nostru, men\u021binerea serviciilor noastre \u00een siguran\u021b\u0103, furnizarea de reclame care sunt relevante pentru dvs. \u0219i, \u00een general, oferindu-v\u0103 un utilizator mai bun \u0219i \u00eembun\u0103t\u0103\u021bit. experien\u021b\u0103 \u0219i v\u0103 ajut\u0103 s\u0103 v\u0103 accelera\u021bi viitoarele interac\u021biuni cu site-ul nostru web.<\/p><p><strong>Gestiona\u021bi preferin\u021bele cookie-urilor<\/strong><\/p><p><strong>Set\u0103ri cookie<\/strong><\/p><p>V\u0103 pute\u021bi modifica oric\u00e2nd preferin\u021bele privind cookie-urile f\u0103c\u00e2nd clic pe linkul de mai sus. Acest lucru v\u0103 va permite s\u0103 revede\u021bi bannerul de consim\u021b\u0103m\u00e2nt pentru cookie-uri \u0219i s\u0103 v\u0103 schimba\u021bi preferin\u021bele sau s\u0103 v\u0103 retrage\u021bi imediat consim\u021b\u0103m\u00e2ntul.<\/p><p>\u00cen plus, diferite browsere ofer\u0103 diferite metode de blocare \u0219i \u0219tergere a cookie-urilor utilizate de site-uri web. Pute\u021bi modifica set\u0103rile browserului dumneavoastr\u0103 pentru a bloca\/\u0219terge cookie-urile. Mai jos sunt enumerate linkurile c\u0103tre documentele de asisten\u021b\u0103 despre cum s\u0103 gestiona\u021bi \u0219i s\u0103 \u0219terge\u021bi cookie-urile din principalele browsere web.<\/p><p><strong>Crom: <a href=\"https:\/\/support.google.com\/accounts\/answer\/32050\">https:\/\/support.google.com\/accounts\/answer\/32050<\/a><\/strong><\/p><p><strong>Safari: <a href=\"https:\/\/support.apple.com\/en-in\/guide\/safari\/sfri11471\/mac\">https:\/\/support.apple.com\/en-in\/guide\/safari\/sfri11471\/mac<\/a><\/strong><\/p><p><strong>Firefox:<a href=\"https:\/\/support.mozilla.org\/en-US\/kb\/clear-cookies-and-site-data-firefox?redirectslug=delete-cookies-remove-info-websites-stored&amp;redirectlocale=en-US\">https:\/\/support.mozilla.org\/en-US\/kb\/clear-cookies-and-site-data-firefox?redirectslug=delete-cookies-remove-info-websites-stored&amp;redirectlocale=en-US<\/a><\/strong><\/p><p><strong>Internet Explorer: <a href=\"https:\/\/support.microsoft.com\/en-us\/topic\/how-to-delete-cookie-files-in-internet-explorer-bca9446f-d873-78de-77ba-d42645fa52fc\">https:\/\/support.microsoft.com\/en-us\/topic\/how-to-delete-cookie-files-in-internet-explorer-bca9446f-d873-78de-77ba-d42645fa52fc<\/a><\/strong><\/p><p>\u00a0<\/p><div>\u00a0<\/div>\t\t\t\t\t\t\t\t<\/div>\n\t\t\t\t<\/div>\n\t\t\t\t\t<\/div>\n\t\t<\/div>\n\t\t\t\t\t<\/div>\n\t\t<\/section>\n\t\t\t\t<section class=\"elementor-section elementor-top-section elementor-element elementor-element-badc4e4 elementor-section-boxed elementor-section-height-default elementor-section-height-default\" data-id=\"badc4e4\" data-element_type=\"section\">\n\t\t\t\t\t\t<div class=\"elementor-container elementor-column-gap-default\">\n\t\t\t\t\t<div class=\"elementor-column elementor-col-100 elementor-top-column elementor-element elementor-element-7651809\" data-id=\"7651809\" data-element_type=\"column\">\n\t\t\t<div class=\"elementor-widget-wrap elementor-element-populated\">\n\t\t\t\t\t\t<div class=\"elementor-element elementor-element-d8cb26f elementor-widget elementor-widget-spacer\" data-id=\"d8cb26f\" data-element_type=\"widget\" data-widget_type=\"spacer.default\">\n\t\t\t\t<div class=\"elementor-widget-container\">\n\t\t\t\t\t\t\t<div class=\"elementor-spacer\">\n\t\t\t<div class=\"elementor-spacer-inner\"><\/div>\n\t\t<\/div>\n\t\t\t\t\t\t<\/div>\n\t\t\t\t<\/div>\n\t\t\t\t\t<\/div>\n\t\t<\/div>\n\t\t\t\t\t<\/div>\n\t\t<\/section>\n\t\t\t\t<\/div>","protected":false},"excerpt":{"rendered":"<p>Data intr\u0103rii \u00een vigoare: 04-ian-2023 Ultima actualizare: 04-ian-2023 Ce sunt cookie-urile? Aceast\u0103 Politic\u0103 privind cookie-urile explic\u0103 ce sunt cookie-urile \u0219i cum le folosim, tipurile de cookie-uri pe care le folosim, adic\u0103 informa\u021biile pe care le colect\u0103m folosind cookie-uri \u0219i cum sunt utilizate acele informa\u021bii \u0219i cum s\u0103 gestion\u0103m set\u0103rile cookie-urilor. Cookie-urile sunt fi\u0219iere text mici care sunt utilizate [\u2026]<\/p>","protected":false},"author":1,"featured_media":0,"parent":0,"menu_order":0,"comment_status":"closed","ping_status":"closed","template":"","meta":{"footnotes":""},"class_list":["post-8806","page","type-page","status-publish","hentry"],"_links":{"self":[{"href":"https:\/\/iasitu.ro\/ro\/wp-json\/wp\/v2\/pages\/8806","targetHints":{"allow":["GET"]}}],"collection":[{"href":"https:\/\/iasitu.ro\/ro\/wp-json\/wp\/v2\/pages"}],"about":[{"href":"https:\/\/iasitu.ro\/ro\/wp-json\/wp\/v2\/types\/page"}],"author":[{"embeddable":true,"href":"https:\/\/iasitu.ro\/ro\/wp-json\/wp\/v2\/users\/1"}],"replies":[{"embeddable":true,"href":"https:\/\/iasitu.ro\/ro\/wp-json\/wp\/v2\/comments?post=8806"}],"version-history":[{"count":3,"href":"https:\/\/iasitu.ro\/ro\/wp-json\/wp\/v2\/pages\/8806\/revisions"}],"predecessor-version":[{"id":9859,"href":"https:\/\/iasitu.ro\/ro\/wp-json\/wp\/v2\/pages\/8806\/revisions\/9859"}],"wp:attachment":[{"href":"https:\/\/iasitu.ro\/ro\/wp-json\/wp\/v2\/media?parent=8806"}],"curies":[{"name":"wp","href":"https:\/\/api.w.org\/{rel}","templated":true}]}}