{"id":8803,"date":"2022-11-07T01:15:53","date_gmt":"2022-11-07T01:15:53","guid":{"rendered":"https:\/\/iasitu.ro\/?page_id=8803"},"modified":"2023-03-02T21:53:43","modified_gmt":"2023-03-02T21:53:43","slug":"privacy-policy","status":"publish","type":"page","link":"https:\/\/iasitu.ro\/ro\/privacy-policy\/","title":{"rendered":"Politica de confiden\u021bialitate"},"content":{"rendered":"<div data-elementor-type=\"wp-page\" data-elementor-id=\"8803\" class=\"elementor elementor-8803\">\n\t\t\t\t\t\t<section class=\"elementor-section elementor-top-section elementor-element elementor-element-bce18eb elementor-section-boxed elementor-section-height-default elementor-section-height-default\" data-id=\"bce18eb\" data-element_type=\"section\">\n\t\t\t\t\t\t<div class=\"elementor-container elementor-column-gap-default\">\n\t\t\t\t\t<div class=\"elementor-column elementor-col-100 elementor-top-column elementor-element elementor-element-30e87fc\" data-id=\"30e87fc\" data-element_type=\"column\">\n\t\t\t<div class=\"elementor-widget-wrap elementor-element-populated\">\n\t\t\t\t\t\t\t<\/div>\n\t\t<\/div>\n\t\t\t\t\t<\/div>\n\t\t<\/section>\n\t\t\t\t<section class=\"elementor-section elementor-top-section elementor-element elementor-element-c10dba9 elementor-section-boxed elementor-section-height-default elementor-section-height-default\" data-id=\"c10dba9\" data-element_type=\"section\">\n\t\t\t\t\t\t<div class=\"elementor-container elementor-column-gap-default\">\n\t\t\t\t\t<div class=\"elementor-column elementor-col-100 elementor-top-column elementor-element elementor-element-f395da7\" data-id=\"f395da7\" data-element_type=\"column\">\n\t\t\t<div class=\"elementor-widget-wrap elementor-element-populated\">\n\t\t\t\t\t\t<div class=\"elementor-element elementor-element-010ccc4 elementor-widget elementor-widget-text-editor\" data-id=\"010ccc4\" data-element_type=\"widget\" data-widget_type=\"text-editor.default\">\n\t\t\t\t<div class=\"elementor-widget-container\">\n\t\t\t\t\t\t\t\t\t<p>Ultima actualizare: 3 martie 2023<\/p><p>Meseli SSRL (\u201enoi\u201d, \u201enoi\u201d, sau \u201enostru\u201d) opereaz\u0103 site-ul iasitu.ro (\u201eServiciul\u201d).<\/p><p>Aceast\u0103 pagin\u0103 v\u0103 informeaz\u0103 despre politicile noastre cu privire la colectarea, utilizarea \u0219i dezv\u0103luirea informa\u021biilor personale atunci c\u00e2nd utiliza\u021bi Serviciul nostru.<\/p><p>Nu vom folosi \u0219i nu vom \u00eemp\u0103rt\u0103\u0219i informa\u021biile dvs. cu nimeni, cu excep\u021bia celor descrise \u00een aceast\u0103 Politic\u0103 de confiden\u021bialitate.<\/p><p>Folosim informa\u021biile dumneavoastr\u0103 personale pentru furnizarea \u0219i \u00eembun\u0103t\u0103\u021birea Serviciului. Prin utilizarea Serviciului, sunte\u021bi de acord cu colectarea \u0219i utilizarea informa\u021biilor \u00een conformitate cu aceast\u0103 politic\u0103. Cu excep\u021bia cazului \u00een care este definit altfel \u00een aceast\u0103 Politic\u0103 de confiden\u021bialitate, termenii utiliza\u021bi \u00een aceast\u0103 Politic\u0103 de confiden\u021bialitate au acelea\u0219i semnifica\u021bii ca \u00een Termenii \u0219i condi\u021biile noastre.<\/p><p><strong>Colectarea \u0219i utilizarea informa\u021biilor<\/strong><\/p><p>\u00cen timpul utiliz\u0103rii Serviciului nostru, v\u0103 putem solicita s\u0103 ne furniza\u021bi anumite informa\u021bii de identificare personal\u0103 care pot fi folosite pentru a v\u0103 contacta sau a v\u0103 identifica. Informa\u021biile de identificare personal\u0103 (\u201eInforma\u021bii personale\u201d) pot include, dar nu se limiteaz\u0103 la:<\/p><ul><li>Nume<\/li><li>Adresa de e-mail<\/li><li>Num\u0103r de telefon<\/li><li>Abordare<\/li><\/ul><p><strong>Date de jurnal<\/strong><\/p><p>Colect\u0103m informa\u021bii pe care browserul dumneavoastr\u0103 le trimite ori de c\u00e2te ori vizita\u021bi Serviciul nostru (\u201eDatele de jurnal\u201d). Aceste date de jurnal pot include informa\u021bii precum adresa de protocol de Internet (\u201eIP\u201d) a computerului dvs., tipul de browser, versiunea browserului, paginile Serviciului nostru pe care le vizita\u021bi, ora \u0219i data vizitei dvs., timpul petrecut pe acele pagini \u0219i alte statistici.<\/p><p><strong>Cookie-uri<\/strong><\/p><p>Cookie-urile sunt fi\u0219iere cu o cantitate mic\u0103 de date, care pot include un identificator unic anonim. Cookie-urile sunt trimise browserului dvs. de pe un site web \u0219i stocate pe hard disk-ul computerului dvs.<\/p><p>Folosim \u201ecookie-uri\u201d pentru a colecta informa\u021bii. Pute\u021bi solicita browserului dumneavoastr\u0103 s\u0103 refuze toate cookie-urile sau s\u0103 indice c\u00e2nd este trimis un cookie. Cu toate acestea, dac\u0103 nu accepta\u021bi cookie-uri, este posibil s\u0103 nu pute\u021bi utiliza unele p\u0103r\u021bi ale Serviciului nostru.<\/p><p><strong>Prestatori de servicii<\/strong><\/p><p>Putem angaja companii \u0219i persoane ter\u021be pentru a facilita Serviciul nostru, pentru a furniza Serviciul \u00een numele nostru, pentru a presta servicii legate de Serviciu sau pentru a ne ajuta s\u0103 analiz\u0103m modul \u00een care este utilizat Serviciul nostru.<\/p><p>Aceste ter\u021be p\u0103r\u021bi au acces la informa\u021biile dumneavoastr\u0103 personale numai pentru a \u00eendeplini aceste sarcini \u00een numele nostru \u0219i sunt obligate s\u0103 nu le dezv\u0103luie sau s\u0103 le utilizeze \u00een niciun alt scop.<\/p><p><strong>Securitate<\/strong><\/p><p>Securitatea informa\u021biilor dumneavoastr\u0103 cu caracter personal este important\u0103 pentru noi, dar re\u021bine\u021bi c\u0103 nicio metod\u0103 de transmitere prin Internet sau nicio metod\u0103 de stocare electronic\u0103 nu este sigur\u0103 100%. De\u0219i ne str\u0103duim s\u0103 folosim mijloace acceptabile din punct de vedere comercial pentru a v\u0103 proteja informa\u021biile personale, nu putem garanta securitatea lor absolut\u0103.<\/p><p><strong>Leg\u0103turi c\u0103tre alte site-uri<\/strong><\/p><p>Serviciul nostru poate con\u021bine link-uri c\u0103tre alte site-uri care nu sunt operate de noi. Dac\u0103 face\u021bi clic pe un link al unei ter\u021be p\u0103r\u021bi, ve\u021bi fi direc\u021bionat c\u0103tre site-ul ter\u021bului respectiv. V\u0103 sf\u0103tuim insistent s\u0103 revizui\u021bi Politica de confiden\u021bialitate a fiec\u0103rui site pe care \u00eel vizita\u021bi.<\/p><p>Nu avem control asupra \u0219i nu ne asum\u0103m nicio responsabilitate pentru con\u021binutul, politicile de confiden\u021bialitate sau practicile oric\u0103ror site-uri sau servicii ter\u021be.<\/p><p><strong>Confiden\u021bialitatea copiilor<\/strong><\/p><p>Serviciul nostru nu se adreseaz\u0103 nim\u0103nui sub 18 ani (\u201eCopii\u201d).<\/p><p>Nu colect\u0103m cu bun\u0103 \u0219tiin\u021b\u0103 informa\u021bii de identificare personal\u0103 de la copiii sub 18 ani. Dac\u0103 sunte\u021bi p\u0103rinte sau tutore \u0219i \u0219ti\u021bi c\u0103 copilul dumneavoastr\u0103 ne-a furnizat informa\u021bii personale, v\u0103 rug\u0103m s\u0103 ne contacta\u021bi. Dac\u0103 descoperim c\u0103 un copil sub 18 ani ne-a furnizat informa\u021bii personale, vom \u0219terge imediat aceste informa\u021bii de pe serverele noastre.<\/p><p><strong>Respectarea Legilor<\/strong><\/p><p>Vom dezv\u0103lui informa\u021biile dumneavoastr\u0103 cu caracter personal acolo unde este necesar s\u0103 facem acest lucru prin lege sau cita\u021bie.<\/p><p><strong>Modific\u0103ri ale acestei politici de confiden\u021bialitate<\/strong><\/p><p>Putem actualiza Politica noastr\u0103 de confiden\u021bialitate din c\u00e2nd \u00een c\u00e2nd. V\u0103 vom anun\u021ba cu privire la orice modificare prin publicarea noii Politici de confiden\u021bialitate pe aceast\u0103 pagin\u0103.<\/p><p>Sunte\u021bi sf\u0103tuit s\u0103 revizui\u021bi periodic aceast\u0103 Politic\u0103 de confiden\u021bialitate pentru orice modific\u0103ri. Modific\u0103rile aduse acestei Politici de confiden\u021bialitate sunt efective atunci c\u00e2nd sunt postate pe aceast\u0103 pagin\u0103.<\/p><p><strong>Contacteaz\u0103-ne<\/strong><\/p><p>Dac\u0103 ave\u021bi \u00eentreb\u0103ri despre aceast\u0103 Politic\u0103 de confiden\u021bialitate, v\u0103 rug\u0103m s\u0103 ne contacta\u021bi.<\/p>\t\t\t\t\t\t\t\t<\/div>\n\t\t\t\t<\/div>\n\t\t\t\t\t<\/div>\n\t\t<\/div>\n\t\t\t\t\t<\/div>\n\t\t<\/section>\n\t\t\t\t<section class=\"elementor-section elementor-top-section elementor-element elementor-element-f2bca3b elementor-section-boxed elementor-section-height-default elementor-section-height-default\" data-id=\"f2bca3b\" data-element_type=\"section\">\n\t\t\t\t\t\t<div class=\"elementor-container elementor-column-gap-default\">\n\t\t\t\t\t<div class=\"elementor-column elementor-col-100 elementor-top-column elementor-element elementor-element-8e7a335\" data-id=\"8e7a335\" data-element_type=\"column\">\n\t\t\t<div class=\"elementor-widget-wrap elementor-element-populated\">\n\t\t\t\t\t\t<div class=\"elementor-element elementor-element-5009452 elementor-widget elementor-widget-spacer\" data-id=\"5009452\" data-element_type=\"widget\" data-widget_type=\"spacer.default\">\n\t\t\t\t<div class=\"elementor-widget-container\">\n\t\t\t\t\t\t\t<div class=\"elementor-spacer\">\n\t\t\t<div class=\"elementor-spacer-inner\"><\/div>\n\t\t<\/div>\n\t\t\t\t\t\t<\/div>\n\t\t\t\t<\/div>\n\t\t\t\t\t<\/div>\n\t\t<\/div>\n\t\t\t\t\t<\/div>\n\t\t<\/section>\n\t\t\t\t<\/div>","protected":false},"excerpt":{"rendered":"<p>Ultima actualizare: 3 martie 2023 Meseli SSRL (\u201enoi\u201d, \u201enoi\u201d sau \u201enostru\u201d) opereaz\u0103 site-ul iasitu.ro (\u201eServiciul\u201d). Aceast\u0103 pagin\u0103 v\u0103 informeaz\u0103 despre politicile noastre cu privire la colectarea, utilizarea \u0219i dezv\u0103luirea informa\u021biilor personale atunci c\u00e2nd utiliza\u021bi Serviciul nostru. Nu vom folosi \u0219i nu vom \u00eemp\u0103rt\u0103\u0219i informa\u021biile dvs. cu nimeni, cu excep\u021bia celor descrise \u00een aceast\u0103 Politic\u0103 de confiden\u021bialitate. [\u2026]<\/p>","protected":false},"author":1,"featured_media":0,"parent":0,"menu_order":0,"comment_status":"closed","ping_status":"closed","template":"","meta":{"footnotes":""},"class_list":["post-8803","page","type-page","status-publish","hentry"],"_links":{"self":[{"href":"https:\/\/iasitu.ro\/ro\/wp-json\/wp\/v2\/pages\/8803","targetHints":{"allow":["GET"]}}],"collection":[{"href":"https:\/\/iasitu.ro\/ro\/wp-json\/wp\/v2\/pages"}],"about":[{"href":"https:\/\/iasitu.ro\/ro\/wp-json\/wp\/v2\/types\/page"}],"author":[{"embeddable":true,"href":"https:\/\/iasitu.ro\/ro\/wp-json\/wp\/v2\/users\/1"}],"replies":[{"embeddable":true,"href":"https:\/\/iasitu.ro\/ro\/wp-json\/wp\/v2\/comments?post=8803"}],"version-history":[{"count":6,"href":"https:\/\/iasitu.ro\/ro\/wp-json\/wp\/v2\/pages\/8803\/revisions"}],"predecessor-version":[{"id":9851,"href":"https:\/\/iasitu.ro\/ro\/wp-json\/wp\/v2\/pages\/8803\/revisions\/9851"}],"wp:attachment":[{"href":"https:\/\/iasitu.ro\/ro\/wp-json\/wp\/v2\/media?parent=8803"}],"curies":[{"name":"wp","href":"https:\/\/api.w.org\/{rel}","templated":true}]}}